{"id":1684,"date":"2019-11-13T12:12:08","date_gmt":"2019-11-13T11:12:08","guid":{"rendered":"http:\/\/wp.elmasove.com\/?page_id=1684"},"modified":"2020-01-21T12:31:32","modified_gmt":"2020-01-21T11:31:32","slug":"politica-de-privacitat","status":"publish","type":"page","link":"https:\/\/tenda.elmasove.com\/es\/politica-de-privacitat\/","title":{"rendered":"Pol\u00edtica de privacidad"},"content":{"rendered":"<h3 class=\"wp-block-heading\">1. Incorporaci\u00f3n de datos personales en los ficheros de EL MASOVE<\/h3><p>De conformidad con lo que establece la Ley Org\u00e1nica 15\/1999, de 13 de diciembre, de protecci\u00f3n de datos de car\u00e1cter personal (en adelante, \u201cLOPD\u201d), se informa que todos los datos personales que el Usuario facilite a trav\u00e9s del Sitio Web tenda.elmasove.com (en adelante, \u201cSitio Web\u201d) ser\u00e1n incorporadas y tratadas a los ficheros titularidad de eL MASOVE SL (en adelante, \u201cEL MASOVE\u201d) para las siguientes finalidades: posibilitar la prestaci\u00f3n de los servicios licitados por el Usuario, as\u00ed como para mantenerle informado, incluso por medios electr\u00f3nicos, sobre los productos y servicios de EL MASOVE.<\/p><p>La cumplimentaci\u00f3n de todos los datos solicitados a trav\u00e9s del Sitio Web es necesaria para conseguir una \u00f3ptima prestaci\u00f3n de los servicios puestos a disposici\u00f3n del Usuario. De no facilitar todos los datos no identificados como de cumplimentaci\u00f3n \u201copcional\u201d, EL MASOVE no garantiza que la informaci\u00f3n y servicios facilitados se puedan prestar, se presten correctamente o se ajusten a las necesidades del Usuario.<\/p><h3 class=\"wp-block-heading\">2. Ejercicio de derechos<\/h3><p>El usuario puede ejercer sus derechos de acceso, rectificaci\u00f3n, cancelaci\u00f3n y oposici\u00f3n previstos en la LOPD, mediante comunicaci\u00f3n escrita dirigida a EL MASOVE, Calle de Caresmar, 94, 08205 Sabadell, Barcelona; o bien mediante correo electr\u00f3nico dirigido a (<a href=\"mailto:eshop@elmasove.com\">eshop@elmasove.com<\/a>). En ambos casos el Usuario interesado deber\u00e1 acompa\u00f1ar copia de su documento nacional de identidad, pasaporte u otro documento v\u00e1lido que lo identifique.<\/p><p>En ambas casas el Usuario interesado deber\u00e1 acompa\u00f1ar 1 copia del documento nacional de identidad, pasaporte u otro documento v\u00e1lido que lo identifique.<\/p><h3 class=\"wp-block-heading\">3. Comunicaciones de datos efectuadas por el propio Usuario<\/h3><p>Antes de facilitar al Sitio Web datos personales relativos a terceras personas, el Usuario deber\u00e1 obtener su previo y expreso consentimiento, habiendo informado de los t\u00e9rminos contenidos en esta Pol\u00edtica de privacidad.<\/p><p>El Usuario se obliga a mantener indemne a EL MASOVE ante cualquier posible reclamaci\u00f3n, multa o sanci\u00f3n que pueda venir obligada a soportar como consecuencia del incumplimiento por parte del Usuario del deber descrito en este p\u00e1rrafo.<\/p><h3 class=\"wp-block-heading\">4. Uso de Cookies<\/h3><p>EL MASOVE, por su propia cuenta o la de un tercero contratado para la prestaci\u00f3n de servicios de medida, pueden utilizar cookies cuando el Usuario navega por el Sitio Web. Las cookies son archivos enviados al navegador por medio de un servidor web con el fin de registrar las actividades del Usuario durante su tiempo de navegaci\u00f3n.<\/p><p>Las cookies utilizadas por el sitio web se asocian \u00fanicamente con un usuario an\u00f3nimo y su ordenador, por lo que no proporcionan por s\u00ed mismos datos personales del Usuario.<\/p><p>Mediante el uso de las cookies es posible que el servidor en el que se encuentra alojado el Sitio Web reconozca el navegador web utilizado por el Usuario, con el fin de que la navegaci\u00f3n sea m\u00e1s sencilla, permitiendo, por ejemplo, el acceso a los usuarios que se hayan registrado previamente, acceder a las \u00e1reas, servicios, promociones o concursos reservados exclusivamente a ellos sin tener que registrarse en cada visita.<\/p><p>Se utilizan tambi\u00e9n para medir la audiencia y par\u00e1metros del tr\u00e1fico, as\u00ed como para controlar el progreso y n\u00famero de entradas. El Usuario tiene la posibilidad de configurar su navegador para ser avisado de la recepci\u00f3n de cookies y para impedir su instalaci\u00f3n en su equipo.<\/p><p>Por favor, consulte las instrucciones y manuales de su navegador para ampliar esta informaci\u00f3n. Para utilizar el Sitio Web no resulta necesario que el Usuario permita la instalaci\u00f3n de las cookies enviadas por el sitio web, o el tercero que act\u00fae en nombre de EL MASOVE, sin perjuicio de que sea necesario que el Usuario inicie una sesi\u00f3n como tal en cada uno de los servicios la prestaci\u00f3n requiera el previo registro o <em>\u201clogin\u201d<\/em>.<\/p>","protected":false},"excerpt":{"rendered":"<p>1. Incorporaci\u00f3n de datos personales en los ficheros de EL MASOVE De conformidad con lo establecido en la Ley Org\u00e1nica 15\/1999, de 13 de diciembre, de protecci\u00f3n de datos de car\u00e1cter personal (en adelante, \u201cLOPD\u201d), se informa que todos los datos personales que el Usuario facilite a trav\u00e9s del Sitio Web tienda.elmasove.com (en adelante, \u201cSitio Web\u201d) ser\u00e1n incorporados y [\u2026]<\/p>","protected":false},"author":2,"featured_media":0,"parent":0,"menu_order":0,"comment_status":"closed","ping_status":"closed","template":"","meta":{"footnotes":""},"class_list":["post-1684","page","type-page","status-publish","hentry"],"_links":{"self":[{"href":"https:\/\/tenda.elmasove.com\/es\/wp-json\/wp\/v2\/pages\/1684","targetHints":{"allow":["GET"]}}],"collection":[{"href":"https:\/\/tenda.elmasove.com\/es\/wp-json\/wp\/v2\/pages"}],"about":[{"href":"https:\/\/tenda.elmasove.com\/es\/wp-json\/wp\/v2\/types\/page"}],"author":[{"embeddable":true,"href":"https:\/\/tenda.elmasove.com\/es\/wp-json\/wp\/v2\/users\/2"}],"replies":[{"embeddable":true,"href":"https:\/\/tenda.elmasove.com\/es\/wp-json\/wp\/v2\/comments?post=1684"}],"version-history":[{"count":2,"href":"https:\/\/tenda.elmasove.com\/es\/wp-json\/wp\/v2\/pages\/1684\/revisions"}],"predecessor-version":[{"id":1687,"href":"https:\/\/tenda.elmasove.com\/es\/wp-json\/wp\/v2\/pages\/1684\/revisions\/1687"}],"wp:attachment":[{"href":"https:\/\/tenda.elmasove.com\/es\/wp-json\/wp\/v2\/media?parent=1684"}],"curies":[{"name":"wp","href":"https:\/\/api.w.org\/{rel}","templated":true}]}}