{"id":1656,"date":"2019-11-12T13:27:32","date_gmt":"2019-11-12T12:27:32","guid":{"rendered":"http:\/\/wp.elmasove.com\/?page_id=1656"},"modified":"2020-01-21T12:30:26","modified_gmt":"2020-01-21T11:30:26","slug":"sobre-nosaltres","status":"publish","type":"page","link":"https:\/\/tenda.elmasove.com\/es\/sobre-nosaltres\/","title":{"rendered":"Sobre nosotros"},"content":{"rendered":"<p>EL MASOVE es una empresa dedicada al servicio a domicilio de productos alimenticios tradicionales de la dieta mediterr\u00e1nea y otros productos de consumo.<\/p><p>Con un producto de calidad de marca propia, EL MASOVE est\u00e1 especializado en vinos, aceites y licores de todo tipo, a la vez que complementa su oferta con v\u00edveres y productos de consumo variados para hacer m\u00e1s eficiente y completo el servicio.<\/p><p>Con sede en Sabadell, la empresa EL MASOVE homogeneiza el pasado tradicional de la empresa con la tecnolog\u00eda de presente para llegar al m\u00e1ximo n\u00famero de consumidores y dar un servicio m\u00e1s c\u00f3modo y de calidad a todos aquellos que han confiado en nosotros y para todos aquellos reci\u00e9n llegados que encontrar\u00e1n en eL MASOVE la seriedad y la calidad de una empresa que, por encima de todo, valora la proximidad con el cliente y la satisfacci\u00f3n de sus necesidades.<\/p><p><strong>EL MASOVE le hace la vida un poco m\u00e1s f\u00e1cil.<\/strong><\/p><h3 class=\"wp-block-heading\"><strong>\u00bfDE D\u00d3NDE VIENE \u201cEL MASOVE\u201d?<\/strong><\/h3><h4 class=\"wp-block-heading\">Una tradici\u00f3n centenaria\u2026<\/h4><h5 class=\"wp-block-heading\">1\u00aa GENERACI\u00d3N, el Besavi<\/h5><p>En 1910 el pueblo de Ullastrell se sustentaba de la agricultura y la figura del <em>\u201ccorredor de vino\u201d<\/em> era clave para hacer llegar el producto del vi\u00f1edo a toda Catalu\u00f1a. Nuestro bisabuelo fue el primero que se dedic\u00f3 al oficio, recorriendo los pueblos y ciudades m\u00e1s cercanas para ofrecer el vino que elaboraban los campesinos de Ullastrell. Entonces cada mas\u00eda y familia de la villa produc\u00eda individualmente su vino y lo guardaba en botas y tinas. Gracias a esta actividad, el bisabuelo logr\u00f3 conocer a mucha gente y se hizo una cartera importante de clientes.<\/p><h5 class=\"wp-block-heading\">2\u00aa GENERACI\u00d3N, el Abuelo<\/h5><p>El abuelo empez\u00f3 a comprar las cosechas a los campesinos para centralizar toda la venta de vino y satisfacer su demanda. El resultado fue una gesti\u00f3n m\u00e1s vers\u00e1til y una mejora en la calidad del producto, b\u00e1sicamente por tres razones: el vino se elaboraba de forma m\u00e1s precisa, se estandarizaron los coupages en partidas y se facilit\u00f3 la comercializaci\u00f3n de las variadas y peque\u00f1as producciones los campesinos. Con una bodega en los bajos de casa y con un cami\u00f3n que cargaba una gran bota de madera es desde la que el abuelo llevaba todo el volumen del negocio.<\/p><p>Debido al crecimiento de la demanda, el almac\u00e9n se hizo peque\u00f1o. En ese momento el abuelo decide con sus hijos abrir en Sabadell un nuevo almac\u00e9n, mayor y m\u00e1s cerca de los consumidores.<\/p><h5 class=\"wp-block-heading\">3\u00aa GENERACI\u00d3N, el Padre y el T\u00edo<\/h5><p>El principal producto segu\u00eda siendo el vino, pero hubo algunos cambios que les hicieron plantear m\u00e1s en serio la comercializaci\u00f3n del aceite.<br>El padre y el t\u00edo realizaron varios cambios que resultaron decisivos para la consolidaci\u00f3n del negocio. Se distribuyeron el trabajo debido al importante aumento tanto de producci\u00f3n como de distribuci\u00f3n del vino. Adem\u00e1s, los h\u00e1bitos de los consumidores cambiaban: la Coca-Cola y los refrescos se popularizaban y la cerveza se consum\u00eda con mayor cantidad en detrimento del vino.<\/p><p>Alrededor de los 60, la sociedad espa\u00f1ola fue seducida por las nuevas t\u00e9cnicas de marketing de EE.UU. y parec\u00eda que todo lo que ven\u00eda de fuera era mejor.<\/p><p>As\u00ed, los dos hermanos decidieron mecanizar la producci\u00f3n, controlar los detalles, mejorar la calidad y fomentar otros productos como el aceite. Tambi\u00e9n fue el momento en que se expandi\u00f3 la distribuci\u00f3n aplicando el <em>\u201cservicio a domicilio\u201d<\/em><\/p><p>El plan era demasiado ambicioso para ser un negocio centralizado y el padre decidi\u00f3 ocuparse de distribuci\u00f3n abriendo otro local, en la Sagrera (Barcelona). El negocio sigui\u00f3 progresando con el servicio a particulares, que contrarrestaba la ca\u00edda del consumo. El t\u00edo, que distribu\u00eda al por mayor, se encarg\u00f3 de proveer a los productos con nuevos formatos, y de potenciar el aceite como nuevo valor aprovechando el aumento en el consumo del producto. Introdujo nuevos envases m\u00e1s ligeros para el vino que eran m\u00e1s c\u00f3modos de transportar y utilizar por los clientes. Por \u00faltimo, se mecaniz\u00f3 la bodega y se hizo cargo del control de calidad en la producci\u00f3n en Sabadell.<\/p><h5 class=\"wp-block-heading\">4\u00aa GENERACI\u00d3N, El Masove<\/h5><p>Es en el presente que decidimos buscar una marca que identifique nuestros productos y servicios. En memoria de nuestra abuela, que viv\u00eda en Casa Masova de San Juan de Samora (Barcelona), adoptamos este motivo como marca legalizada.<\/p><p>Tambi\u00e9n la denominaci\u00f3n tiene su historia. En los primeros escritos, el nombre aparece sin acento y sin la \u201cr\u201d final, quiz\u00e1s porque se remonta a una \u00e9poca anterior a las normas de Pompeu Fabra. Por tanto nos mantenemos fieles a los principios de la historia familiar.<\/p><p>Por \u00faltimo, alojados en Sabadell para ampliar el canal de distribuci\u00f3n a domicilio, ahora ya no s\u00f3lo servimos aceite y vino a los particulares, sino que nuestros productos se han ido diversificando en funci\u00f3n de la demanda.<\/p><p>Los avances cient\u00edficos demuestran las buenas propiedades del vino y el aceite convirti\u00e9ndose en alimentos apreciados por sus beneficios en la salud y por ser un pilar fundamental de la dieta mediterr\u00e1nea.<br><br>Nosotros tambi\u00e9n seguimos avanzando y las exigencias de la sociedad moderna nos piden nuevas formas de ponernos en contacto con los clientes. Estamos en constante adaptaci\u00f3n a las nuevas costumbres y h\u00e1bitos de consumo, a la vez que damos un trato personal y humano.<br><br><strong>Hacemos uso de las nuevas tecnolog\u00edas, pero por encima de todo, los que trabajamos en EL MASOVE nos gusta el trato personal con nuestros clientes.<\/strong><\/p>","protected":false},"excerpt":{"rendered":"<p>EL MASOVE es una empresa dedicada al servicio a domicilio de productos alimenticios tradicionales de la dieta mediterr\u00e1nea y otros productos de consumo. Con un producto de calidad de marca propia, EL MASOVE est\u00e1 especializado en vinos, aceites y licores de todo tipo, a la vez que complementa su oferta con v\u00edveres y productos de consumo [\u2026]<\/p>","protected":false},"author":2,"featured_media":0,"parent":0,"menu_order":0,"comment_status":"closed","ping_status":"closed","template":"","meta":{"footnotes":""},"class_list":["post-1656","page","type-page","status-publish","hentry"],"_links":{"self":[{"href":"https:\/\/tenda.elmasove.com\/es\/wp-json\/wp\/v2\/pages\/1656","targetHints":{"allow":["GET"]}}],"collection":[{"href":"https:\/\/tenda.elmasove.com\/es\/wp-json\/wp\/v2\/pages"}],"about":[{"href":"https:\/\/tenda.elmasove.com\/es\/wp-json\/wp\/v2\/types\/page"}],"author":[{"embeddable":true,"href":"https:\/\/tenda.elmasove.com\/es\/wp-json\/wp\/v2\/users\/2"}],"replies":[{"embeddable":true,"href":"https:\/\/tenda.elmasove.com\/es\/wp-json\/wp\/v2\/comments?post=1656"}],"version-history":[{"count":4,"href":"https:\/\/tenda.elmasove.com\/es\/wp-json\/wp\/v2\/pages\/1656\/revisions"}],"predecessor-version":[{"id":1955,"href":"https:\/\/tenda.elmasove.com\/es\/wp-json\/wp\/v2\/pages\/1656\/revisions\/1955"}],"wp:attachment":[{"href":"https:\/\/tenda.elmasove.com\/es\/wp-json\/wp\/v2\/media?parent=1656"}],"curies":[{"name":"wp","href":"https:\/\/api.w.org\/{rel}","templated":true}]}}