{"id":1564,"date":"2019-11-11T10:44:47","date_gmt":"2019-11-11T09:44:47","guid":{"rendered":"http:\/\/wp.elmasove.com\/?page_id=1564"},"modified":"2023-11-07T12:56:36","modified_gmt":"2023-11-07T11:56:36","slug":"contacte","status":"publish","type":"page","link":"https:\/\/tenda.elmasove.com\/es\/contacte\/","title":{"rendered":"Contacto"},"content":{"rendered":"<div class=\"wp-block-columns has-2-columns is-layout-flex wp-container-core-columns-is-layout-9d6595d7 wp-block-columns-is-layout-flex\"><div class=\"wp-block-column contacto_columna is-layout-flow wp-block-column-is-layout-flow\"><h2 class=\"wp-block-heading\">\u00a1Escr\u00edbenos!<\/h2>\n\n<p style=\"padding-left:2%; padding-right:2%;\">Para cualquier consulta no dudes en ponerte en contacto con nosotros a trav\u00e9s de tel\u00e9fono o, si lo prefieres, rellenando este formulario de contacto.<br>Desde El Masove estaremos encantados de poder ayudarte en lo que necesites.<\/p>\n\n<div class=\"everest-forms\"><div class=\"evf-container default\" id=\"evf-1897\"><form id=\"evf-form-1897\" class=\"everest-form\" data-formid=\"1897\" data-ajax_submission=\"0\" data-keyboard_friendly_form=\"0\" data-form_state_type=\"\" method=\"post\" enctype=\"multipart\/form-data\" action=\"\/es\/wp-json\/wp\/v2\/pages\/1564\" data-trp-original-action=\"\/es\/wp-json\/wp\/v2\/pages\/1564\"><div class=\"evf-field-container\"><input type=\"hidden\" id=\"_wpnonce1897\" name=\"_wpnonce1897\" value=\"2714d0701d\" \/><input type=\"hidden\" name=\"_wp_http_referer\" value=\"\/es\/wp-json\/wp\/v2\/pages\/1564\" \/><div class=\"evf-frontend-row\" data-row=\"row_1\" conditional_rules=\"[]\"><div class=\"evf-frontend-grid evf-grid-1\" data-grid=\"grid_1\"><div id=\"evf-1897-field_fullname-container\" class=\"evf-field evf-field-text form-row validate-required\" data-required-field-message=\"Este campo es obligatorio.\" data-field-id=\"fullname\"><label class=\"evf-field-label\" for=\"evf-1897-field_fullname\"><span class=\"evf-label\">Nombre<\/span> <abbr class=\"required\" title=\"Obligatorio\">*<\/abbr><\/label><input type=\"text\" id=\"evf-1897-field_fullname\" class=\"input-text\" name=\"everest_forms[form_fields][fullname]\" required><\/div><div id=\"evf-1897-field_email-container\" class=\"evf-field evf-field-email form-row validate-required validate-email\" data-required-field-message=\"Por favor, usa una direcci\u00f3n de correo electr\u00f3nico v\u00e1lida.\" data-field-id=\"email\"><label class=\"evf-field-label\" for=\"evf-1897-field_email\"><span class=\"evf-label\">Email<\/span> <abbr class=\"required\" title=\"Obligatorio\">*<\/abbr><\/label><input type=\"email\" id=\"evf-1897-field_email\" class=\"input-text\" name=\"everest_forms[form_fields][email]\" required><\/div><div id=\"evf-1897-field_subject-container\" class=\"evf-field evf-field-text form-row validate-required\" data-required-field-message=\"Este campo es obligatorio.\" data-field-id=\"subject\"><label class=\"evf-field-label\" for=\"evf-1897-field_subject\"><span class=\"evf-label\">Asunto<\/span> <abbr class=\"required\" title=\"Obligatorio\">*<\/abbr><\/label><input type=\"text\" id=\"evf-1897-field_subject\" class=\"input-text\" name=\"everest_forms[form_fields][subject]\" required><\/div><div id=\"evf-1897-field_message-container\" class=\"evf-field evf-field-textarea form-row\" data-field-id=\"message\"><label class=\"evf-field-label\" for=\"evf-1897-field_message\"><span class=\"evf-label\">Mensaje<\/span> <\/label><textarea id=\"evf-1897-field_message\" class=\"input-text\" name=\"everest_forms[form_fields][message]\"  ><\/textarea><\/div><\/div><\/div><\/div><div class=\"evf-honeypot-container evf-field-hp\"><label for=\"evf-1897-field-hp\" class=\"evf-field-label\">Message<\/label><input type=\"text\" name=\"everest_forms[hp]\" id=\"evf-1897-field-hp\" class=\"input-text\"><\/div><div class=\"evf-recaptcha-container\" style=\"display:block\"><div class=\"g-recaptcha\" data-sitekey=\"6LeqO6ApAAAAAIUmjYLiL8zzLIi6IHIYUn2bBQoV\"><\/div><\/div><div class=\"evf-submit-container\" ><input type=\"hidden\" name=\"everest_forms[id]\" value=\"1897\"><input type=\"hidden\" name=\"everest_forms[author]\" value=\"2\"><button type='submit' name='everest_forms[submit]' class='everest-forms-submit-button button evf-submit' id='evf-submit-1897' value='evf-submit' data-process-text=\"Procesando...\" conditional_rules='&quot;&quot;' conditional_id='evf-submit-1897'  aria-live=\"assertive\">Enviar<\/button><\/div><input type=\"hidden\" name=\"trp-form-language\" value=\"es\"\/><\/form><\/div><!-- .evf-container --><\/div><\/div>\n\n<div class=\"wp-block-column is-layout-flow wp-block-column-is-layout-flow\"><p>Si prefieres llamarnos o escribirnos directamente puedes hacerlo a trav\u00e9s de los datos que te facilitamos a continuaci\u00f3n. <strong>Te responderemos en 48 horas y si podemos lo haremos antes.<\/strong><\/p>\n\n<h3 class=\"wp-block-heading h3_contacto\">Informaci\u00f3n de contacto<\/h3>\n\n<div class=\"wp-block-columns columnes_contacte is-layout-flex wp-container-core-columns-is-layout-9d6595d7 wp-block-columns-is-layout-flex\"><div class=\"wp-block-column is-layout-flow wp-block-column-is-layout-flow\"><i class=\"fa fa-envelope fa-3x\"><\/i>\n\n<a href=\"mailto:eshop@elmasove.com\"> \neshop@elmasove.com<\/a><br><\/div>\n\n<div class=\"wp-block-column is-layout-flow wp-block-column-is-layout-flow\"><i class=\"fa fa-phone fa-3x\"><\/i>\n\n<a href=\"tel:937270967\"> 937 270 967<\/a><\/div><\/div>\n\n<div class=\"wp-block-columns columnes_contacte is-layout-flex wp-container-core-columns-is-layout-9d6595d7 wp-block-columns-is-layout-flex\"><div class=\"wp-block-column is-layout-flow wp-block-column-is-layout-flow\"><i class=\"fa fa-home fa-3x\"><\/i>\n\nCaresmar, 94  <br>\n08205 Sabadell<br> \nEspa\u00f1a<br><\/div>\n\n<div class=\"wp-block-column columna_contacto_blanca is-layout-flow wp-block-column-is-layout-flow\"><\/div><\/div><\/div><\/div>","protected":false},"excerpt":{"rendered":"<p>\u00a1Escr\u00edbenos! Para cualquier consulta no dudes en ponerte en contacto con nosotros a trav\u00e9s de tel\u00e9fono o, si lo prefieres, rellenando este formulario de contacto. Desde El Masove estaremos encantados de poder ayudarte en lo que necesites. Si prefieres llamarnos o escribirnos directamente puedes hacerlo a trav\u00e9s de los datos que te facilitamos en [\u2026]<\/p>","protected":false},"author":2,"featured_media":0,"parent":0,"menu_order":0,"comment_status":"closed","ping_status":"closed","template":"","meta":{"footnotes":""},"class_list":["post-1564","page","type-page","status-publish","hentry"],"_links":{"self":[{"href":"https:\/\/tenda.elmasove.com\/es\/wp-json\/wp\/v2\/pages\/1564","targetHints":{"allow":["GET"]}}],"collection":[{"href":"https:\/\/tenda.elmasove.com\/es\/wp-json\/wp\/v2\/pages"}],"about":[{"href":"https:\/\/tenda.elmasove.com\/es\/wp-json\/wp\/v2\/types\/page"}],"author":[{"embeddable":true,"href":"https:\/\/tenda.elmasove.com\/es\/wp-json\/wp\/v2\/users\/2"}],"replies":[{"embeddable":true,"href":"https:\/\/tenda.elmasove.com\/es\/wp-json\/wp\/v2\/comments?post=1564"}],"version-history":[{"count":39,"href":"https:\/\/tenda.elmasove.com\/es\/wp-json\/wp\/v2\/pages\/1564\/revisions"}],"predecessor-version":[{"id":6853,"href":"https:\/\/tenda.elmasove.com\/es\/wp-json\/wp\/v2\/pages\/1564\/revisions\/6853"}],"wp:attachment":[{"href":"https:\/\/tenda.elmasove.com\/es\/wp-json\/wp\/v2\/media?parent=1564"}],"curies":[{"name":"wp","href":"https:\/\/api.w.org\/{rel}","templated":true}]}}