{"id":922,"date":"2014-11-24T07:30:38","date_gmt":"2014-11-24T06:30:38","guid":{"rendered":"http:\/\/wp.elmasove.com\/product\/5l-aigua-mineral-boix\/"},"modified":"2026-03-03T13:01:57","modified_gmt":"2026-03-03T12:01:57","slug":"aigua-fontboix-5l","status":"publish","type":"product","link":"https:\/\/tenda.elmasove.com\/en\/tienda\/begudes\/agua\/aigua-mineral-natural\/aigua-fontboix-5l\/","title":{"rendered":"Fontboix water (5L)"},"content":{"rendered":"<p>Fontboix natural mineral water of weak mineralization with low calcium content. Very mild and pleasant flavor.<\/p>\n<p>Packaged after a filtration process of approximately 80 years at a depth of 3,000 meters in the granite layers of Aig\u00fces Tortes Natural Park. In the middle of the Lleidat\u00e0 Pyrenees and next to the Caldes de Bo\u00ed spa.<\/p>\n<p><em>Bottle of Fontboix mineral water (5L)<\/em><\/p>\n<h3>Health<\/h3>\n<p>It is a water of weak mineralization (little dry residue), with a low calcium content thus preventing the formation of stones and single crystals in the kidney. In addition, it has a high silica content that helps to eliminate the accumulation of fats and waste by purifying the body.<\/p>\n<h3>Chemical composition (in mg\/L)<\/h3>\n<table>\n<tbody>\n<tr>\n<td>Dry residue at 180\u00ba<\/td>\n<td>105 mg\/l<\/td>\n<\/tr>\n<tr>\n<td>Bicarbonates (HCO3)<\/td>\n<td>34.6 mg\/l<\/td>\n<\/tr>\n<tr>\n<td>Sulfates (SO4)<\/td>\n<td>13.2 mg\/l<\/td>\n<\/tr>\n<tr>\n<td>Calcium (Ca)<\/td>\n<td>5.4 mg\/l<\/td>\n<\/tr>\n<tr>\n<td>Sodium (Na)<\/td>\n<td>21.7 mg\/l<\/td>\n<\/tr>\n<tr>\n<td>Chlorides (Cl)<\/td>\n<td>14.4 mg\/l<\/td>\n<\/tr>\n<tr>\n<td>Silica (SiO)<\/td>\n<td>22.0 mg\/l<\/td>\n<\/tr>\n<tr>\n<td>Magnesium (Mg)<\/td>\n<td>0.5 mg\/l<\/td>\n<\/tr>\n<\/tbody>\n<\/table>\n<h3>Fontboix Water Conservation<\/h3>\n<p>Store in a cool and dry place. Protect from sunlight and aggressive odors. For your safety, do not reuse this packaging. Consume preferably before 4 years from the packaging date.<\/p>","protected":false},"excerpt":{"rendered":"<p>Fontboix natural mineral water of weak mineralization with low calcium content. Very mild and pleasant flavor.<\/p>\n<p><em>Bottle of Fontboix mineral water (5L)<\/em><\/p>","protected":false},"featured_media":921,"template":"","meta":[],"pwb-brand":[285],"product_brand":[],"product_cat":[35,91,17],"product_tag":[],"class_list":{"0":"post-922","1":"product","2":"type-product","3":"status-publish","4":"has-post-thumbnail","6":"pwb-brand-fontboix","7":"product_cat-agua","8":"product_cat-aigua-mineral-natural","9":"product_cat-begudes","11":"first","12":"instock","13":"taxable","14":"shipping-taxable","15":"purchasable","16":"product-type-simple"},"brands":[{"id":285,"name":"Fontboix","slug":"fontboix"}],"_links":{"self":[{"href":"https:\/\/tenda.elmasove.com\/en\/wp-json\/wp\/v2\/product\/922","targetHints":{"allow":["GET"]}}],"collection":[{"href":"https:\/\/tenda.elmasove.com\/en\/wp-json\/wp\/v2\/product"}],"about":[{"href":"https:\/\/tenda.elmasove.com\/en\/wp-json\/wp\/v2\/types\/product"}],"wp:featuredmedia":[{"embeddable":true,"href":"https:\/\/tenda.elmasove.com\/en\/wp-json\/wp\/v2\/media\/921"}],"wp:attachment":[{"href":"https:\/\/tenda.elmasove.com\/en\/wp-json\/wp\/v2\/media?parent=922"}],"wp:term":[{"taxonomy":"pwb-brand","embeddable":true,"href":"https:\/\/tenda.elmasove.com\/en\/wp-json\/wp\/v2\/pwb-brand?post=922"},{"taxonomy":"product_brand","embeddable":true,"href":"https:\/\/tenda.elmasove.com\/en\/wp-json\/wp\/v2\/product_brand?post=922"},{"taxonomy":"product_cat","embeddable":true,"href":"https:\/\/tenda.elmasove.com\/en\/wp-json\/wp\/v2\/product_cat?post=922"},{"taxonomy":"product_tag","embeddable":true,"href":"https:\/\/tenda.elmasove.com\/en\/wp-json\/wp\/v2\/product_tag?post=922"}],"curies":[{"name":"wp","href":"https:\/\/api.w.org\/{rel}","templated":true}]}}