{"id":920,"date":"2014-11-24T07:30:38","date_gmt":"2014-11-24T06:30:38","guid":{"rendered":"http:\/\/wp.elmasove.com\/product\/garrafa-5-lts-aigua-de-bo\/"},"modified":"2026-03-05T11:29:28","modified_gmt":"2026-03-05T10:29:28","slug":"aigua-boi-5l","status":"publish","type":"product","link":"https:\/\/tenda.elmasove.com\/en\/tienda\/begudes\/agua\/aigua-mineral-natural\/aigua-boi-5l\/","title":{"rendered":"Water Boi (5L)"},"content":{"rendered":"<p>Bo\u00ed natural mineral water of weak mineralization with low calcium content. Very mild and pleasant flavor.<\/p>\n<p>Packaged after a filtration process of approximately 80 years at a depth of 3,000 meters in the granite layers of Aig\u00fces Tortes Natural Park. In the middle of the Lleidat\u00e0 Pyrenees and next to the Caldes de Bo\u00ed spa.<\/p>\n<p><em>Boi water bottle (5L)<\/em><\/p>\n<h3>Health<\/h3>\n<p>It is a water of weak mineralization (little dry residue), with a low calcium content thus preventing the formation of stones and single crystals in the kidney. In addition, it has a high silica content that helps to eliminate the accumulation of fats and waste by purifying the body.<\/p>\n<h3>Chemical composition (in m\/lL)<\/h3>\n<table>\n<tbody>\n<tr>\n<td>Dry residue at 180\u00ba<\/td>\n<td>105 mg\/l<\/td>\n<\/tr>\n<tr>\n<td>Bicarbonates (HCO3)<\/td>\n<td>34.6 mg\/l<\/td>\n<\/tr>\n<tr>\n<td>Sulfates (SO4)<\/td>\n<td>13.2 mg\/l<\/td>\n<\/tr>\n<tr>\n<td>Calcium (Ca)<\/td>\n<td>5.4 mg\/l<\/td>\n<\/tr>\n<tr>\n<td>Sodium (Na)<\/td>\n<td>21.7 mg\/l<\/td>\n<\/tr>\n<tr>\n<td>Chlorides (Cl)<\/td>\n<td>14.4 mg\/l<\/td>\n<\/tr>\n<tr>\n<td>Silica (SiO)<\/td>\n<td>22.0 mg\/l<\/td>\n<\/tr>\n<tr>\n<td>Magnesium (Mg)<\/td>\n<td>0.5 mg\/l<\/td>\n<\/tr>\n<\/tbody>\n<\/table>\n<h3>Bo\u00ed Water Conservation<\/h3>\n<p>Store in a cool and dry place. Protect from sunlight and aggressive odors. For your safety, do not reuse this packaging. Consume preferably before 4 years from the packaging date.<\/p>\n<p><em>Boi water bottle (5L)<\/em><\/p>","protected":false},"excerpt":{"rendered":"<p>Bo\u00ed natural mineral water of weak mineralization with low calcium content. Very mild and pleasant flavor.<\/p>\n<p><em>Boi water bottle (5L)<\/em><\/p>","protected":false},"featured_media":1852,"template":"","meta":[],"pwb-brand":[284],"product_brand":[],"product_cat":[35,91,17],"product_tag":[157],"class_list":{"0":"post-920","1":"product","2":"type-product","3":"status-publish","4":"has-post-thumbnail","6":"pwb-brand-boi","7":"product_cat-agua","8":"product_cat-aigua-mineral-natural","9":"product_cat-begudes","10":"product_tag-boi","12":"first","13":"instock","14":"taxable","15":"shipping-taxable","16":"purchasable","17":"product-type-simple"},"brands":[{"id":284,"name":"bull","slug":"boi"}],"_links":{"self":[{"href":"https:\/\/tenda.elmasove.com\/en\/wp-json\/wp\/v2\/product\/920","targetHints":{"allow":["GET"]}}],"collection":[{"href":"https:\/\/tenda.elmasove.com\/en\/wp-json\/wp\/v2\/product"}],"about":[{"href":"https:\/\/tenda.elmasove.com\/en\/wp-json\/wp\/v2\/types\/product"}],"wp:featuredmedia":[{"embeddable":true,"href":"https:\/\/tenda.elmasove.com\/en\/wp-json\/wp\/v2\/media\/1852"}],"wp:attachment":[{"href":"https:\/\/tenda.elmasove.com\/en\/wp-json\/wp\/v2\/media?parent=920"}],"wp:term":[{"taxonomy":"pwb-brand","embeddable":true,"href":"https:\/\/tenda.elmasove.com\/en\/wp-json\/wp\/v2\/pwb-brand?post=920"},{"taxonomy":"product_brand","embeddable":true,"href":"https:\/\/tenda.elmasove.com\/en\/wp-json\/wp\/v2\/product_brand?post=920"},{"taxonomy":"product_cat","embeddable":true,"href":"https:\/\/tenda.elmasove.com\/en\/wp-json\/wp\/v2\/product_cat?post=920"},{"taxonomy":"product_tag","embeddable":true,"href":"https:\/\/tenda.elmasove.com\/en\/wp-json\/wp\/v2\/product_tag?post=920"}],"curies":[{"name":"wp","href":"https:\/\/api.w.org\/{rel}","templated":true}]}}