{"id":412,"date":"2014-11-24T07:30:26","date_gmt":"2014-11-24T06:30:26","guid":{"rendered":"http:\/\/wp.elmasove.com\/product\/pack-6-ampolles-1-5l-aigua-solan-de-cabras\/"},"modified":"2026-03-05T12:43:51","modified_gmt":"2026-03-05T11:43:51","slug":"aigua-solan-de-cabras-6x15l","status":"publish","type":"product","link":"https:\/\/tenda.elmasove.com\/en\/tienda\/begudes\/agua\/aigua-mineral-natural\/aigua-solan-de-cabras-6x15l\/","title":{"rendered":"Sol\u00e1n de Cabras water (6\u00d71.5L)"},"content":{"rendered":"<p>Aigua Sol\u00e1n de Cabras comes from the Valle de Sol\u00e1n de Cabras spring, in the Serrania de Cuenca. It is one of the most balanced, stable and healthy waters known. Of weak mineralization. Low in sodium, bicarbonated, with a good percentage of calcium. With a wide range of beneficial properties for health: genitourinary problems, gastric acidity, favors intestinal transit, prevents kidney stones, is recommended for people with high blood pressure.<\/p>\n<p>They are waters of weak mineralization, determined by the geological characteristics of the terrain and the rocks of the ten from which they come. They emerge at a constant temperature of 21\u00ba and with a constant flow rate of 5,410 liters per minute.<\/p>\n<p>Sol\u00e1n de Cabras is classified according to the Spanish food code as Water of weak mineralization, hypothermic and hypotonic Lithic calcium bicarbonate.<br \/>\nIts low level of sodium means that the intestine absorbs it quickly, causing an abundant diuresis beneficial for genitourinary problems, such as urinary infections and kidney stones.<br \/>\nIts calcium content, as it is not excessively high, is recommended for middle-aged and perimenopausal women. and in patients with calcium lithiasis, since calcium should never be restricted.<\/p>\n<p>Such water is only created by nature, coming from a unique spring, in the middle of the mountain range of the basin. It takes more than 3,600 years of filtering to create the balanced composition of a drop of Sol\u00e1n de Cabras. Our iconic packaging protects our water from any light alteration so that its taste and properties remain intact and unchanged.<\/p>\n<p><em>6 Sol\u00e1n de Cabras water bottles of 1.5 liters<\/em><\/p>\n<h3>Ingredients and allergens of Sol\u00e1n de Cabras Water<\/h3>\n<table>\n<tbody>\n<tr>\n<td>Bicarbonate<\/td>\n<td>284 mg\/l<\/td>\n<\/tr>\n<tr>\n<td>dry waste<\/td>\n<td>260 mg\/l<\/td>\n<\/tr>\n<tr>\n<td>calcium<\/td>\n<td>59.4 mg\/l<\/td>\n<\/tr>\n<tr>\n<td>magnesium<\/td>\n<td>25.6 mg\/l<\/td>\n<\/tr>\n<tr>\n<td>Sulphate<\/td>\n<td>21.3 mg\/l<\/td>\n<\/tr>\n<tr>\n<td>chloride<\/td>\n<td>7.4 mg\/l<\/td>\n<\/tr>\n<tr>\n<td>silica<\/td>\n<td>7.2 mg\/l<\/td>\n<\/tr>\n<tr>\n<td>sodium<\/td>\n<td>5.1 mg\/l<\/td>\n<\/tr>\n<tr>\n<td>potassium<\/td>\n<td>1.1 mg\/l<\/td>\n<\/tr>\n<tr>\n<td>Flowers<\/td>\n<td>0.2 mg\/l<\/td>\n<\/tr>\n<tr>\n<td>Calcium-magnesium ratio<\/td>\n<td>= 2.3<\/td>\n<\/tr>\n<\/tbody>\n<\/table>\n<h3>Conservation conditions<\/h3>\n<p>Store in a cool, clean and dry place.<br \/>\nProtect from aggressive smells.<\/p>","protected":false},"excerpt":{"rendered":"<p>Aigua Sol\u00e1n de Cabras is one of the most balanced, stable and healthy waters known. Of weak mineralization. Low in sodium, bicarbonated, with a good percentage of calcium. With a wide range of beneficial properties for health: genitourinary problems, gastric acidity, favors intestinal transit, prevents kidney stones, is recommended for people with high blood pressure.<\/p>\n<p><em>6 Sol\u00e1n de Cabras water bottles of 1.5 liters<\/em><\/p>","protected":false},"featured_media":2405,"template":"","meta":[],"pwb-brand":[209],"product_brand":[],"product_cat":[35,91,17],"product_tag":[],"class_list":{"0":"post-412","1":"product","2":"type-product","3":"status-publish","4":"has-post-thumbnail","6":"pwb-brand-solan-de-cabras","7":"product_cat-agua","8":"product_cat-aigua-mineral-natural","9":"product_cat-begudes","11":"first","12":"instock","13":"taxable","14":"shipping-taxable","15":"purchasable","16":"product-type-simple"},"brands":[{"id":209,"name":"Sol\u00e1n de Cabras","slug":"solan-de-cabras"}],"_links":{"self":[{"href":"https:\/\/tenda.elmasove.com\/en\/wp-json\/wp\/v2\/product\/412","targetHints":{"allow":["GET"]}}],"collection":[{"href":"https:\/\/tenda.elmasove.com\/en\/wp-json\/wp\/v2\/product"}],"about":[{"href":"https:\/\/tenda.elmasove.com\/en\/wp-json\/wp\/v2\/types\/product"}],"wp:featuredmedia":[{"embeddable":true,"href":"https:\/\/tenda.elmasove.com\/en\/wp-json\/wp\/v2\/media\/2405"}],"wp:attachment":[{"href":"https:\/\/tenda.elmasove.com\/en\/wp-json\/wp\/v2\/media?parent=412"}],"wp:term":[{"taxonomy":"pwb-brand","embeddable":true,"href":"https:\/\/tenda.elmasove.com\/en\/wp-json\/wp\/v2\/pwb-brand?post=412"},{"taxonomy":"product_brand","embeddable":true,"href":"https:\/\/tenda.elmasove.com\/en\/wp-json\/wp\/v2\/product_brand?post=412"},{"taxonomy":"product_cat","embeddable":true,"href":"https:\/\/tenda.elmasove.com\/en\/wp-json\/wp\/v2\/product_cat?post=412"},{"taxonomy":"product_tag","embeddable":true,"href":"https:\/\/tenda.elmasove.com\/en\/wp-json\/wp\/v2\/product_tag?post=412"}],"curies":[{"name":"wp","href":"https:\/\/api.w.org\/{rel}","templated":true}]}}