{"id":359,"date":"2014-11-24T07:30:25","date_gmt":"2014-11-24T06:30:25","guid":{"rendered":"http:\/\/wp.elmasove.com\/product\/bido-5l-vinagre-rosat\/"},"modified":"2026-02-23T13:37:07","modified_gmt":"2026-02-23T12:37:07","slug":"bido-5l-vinagre-rosat","status":"publish","type":"product","link":"https:\/\/tenda.elmasove.com\/en\/tienda\/olis-i-vinagres\/vinagre\/bido-5l-vinagre-rosat\/","title":{"rendered":"Ros\u00e9 Wine Vinegar &quot;El Masove&quot; (5L)"},"content":{"rendered":"<p>Ros\u00e9 wine vinegar El Masove 5 liter drum. Vinegar made with ros\u00e9 wine with a careful transformation process. A vinegar with a dense body, deep red color and an aromatic fruity background.<\/p>","protected":false},"excerpt":{"rendered":"<p>Ros\u00e9 wine vinegar El Masove 5 liter drum. Vinegar made with ros\u00e9 wine with a careful transformation process.<\/p>","protected":false},"featured_media":358,"template":"","meta":[],"pwb-brand":[191],"product_brand":[],"product_cat":[15,51],"product_tag":[],"class_list":{"0":"post-359","1":"product","2":"type-product","3":"status-publish","4":"has-post-thumbnail","6":"pwb-brand-el-masove","7":"product_cat-olis-i-vinagres","8":"product_cat-vinagre","10":"first","11":"instock","12":"taxable","13":"shipping-taxable","14":"purchasable","15":"product-type-simple"},"brands":[{"id":191,"name":"The Masove","slug":"el-masove"}],"_links":{"self":[{"href":"https:\/\/tenda.elmasove.com\/en\/wp-json\/wp\/v2\/product\/359","targetHints":{"allow":["GET"]}}],"collection":[{"href":"https:\/\/tenda.elmasove.com\/en\/wp-json\/wp\/v2\/product"}],"about":[{"href":"https:\/\/tenda.elmasove.com\/en\/wp-json\/wp\/v2\/types\/product"}],"wp:featuredmedia":[{"embeddable":true,"href":"https:\/\/tenda.elmasove.com\/en\/wp-json\/wp\/v2\/media\/358"}],"wp:attachment":[{"href":"https:\/\/tenda.elmasove.com\/en\/wp-json\/wp\/v2\/media?parent=359"}],"wp:term":[{"taxonomy":"pwb-brand","embeddable":true,"href":"https:\/\/tenda.elmasove.com\/en\/wp-json\/wp\/v2\/pwb-brand?post=359"},{"taxonomy":"product_brand","embeddable":true,"href":"https:\/\/tenda.elmasove.com\/en\/wp-json\/wp\/v2\/product_brand?post=359"},{"taxonomy":"product_cat","embeddable":true,"href":"https:\/\/tenda.elmasove.com\/en\/wp-json\/wp\/v2\/product_cat?post=359"},{"taxonomy":"product_tag","embeddable":true,"href":"https:\/\/tenda.elmasove.com\/en\/wp-json\/wp\/v2\/product_tag?post=359"}],"curies":[{"name":"wp","href":"https:\/\/api.w.org\/{rel}","templated":true}]}}