{"id":1176,"date":"2016-12-09T08:30:08","date_gmt":"2016-12-09T07:30:08","guid":{"rendered":"http:\/\/wp.elmasove.com\/product\/b-p-reserva-se-orio-lazan\/"},"modified":"2020-02-04T13:14:30","modified_gmt":"2020-02-04T12:14:30","slug":"vi-negre-reserva-senorio-lazan","status":"publish","type":"product","link":"https:\/\/tenda.elmasove.com\/en\/tienda\/begudes\/vins-i-caves\/vinos\/vins-embotellats\/vins-negres-1\/vi-negre-reserva-senorio-lazan\/","title":{"rendered":"Red wine Reserve DO Somontano \u201cSe\u00f1or\u00edo de Lazan\u201d"},"content":{"rendered":"<p><span style=\"font-family: -apple-system, BlinkMacSystemFont, 'Segoe UI', Roboto, Oxygen-Sans, Ubuntu, Cantarell, 'Helvetica Neue', sans-serif;\">The Reserva DO Somontano red wine \u201cSe\u00f1or\u00edo de Lazan\u201d is made with a sense of history, taking into account that its varieties come from the very foothills of the Serra de la Candelera, specifically the Laz\u00e1n Mountains. The name Lordship of Laz\u00e1n comes from the Marquisate of Laz\u00e1n, noble title created by Carlos II in 1688 in favor of Cayetano Rebolledo de Palafox (Lordship of Upper Rooms and Lower Rooms, buried in Lower Rooms.<\/span><\/p>\n<p><strong>Preparation and aging<\/strong><br \/>\nTraditional fermentation at 28 \u00b0 C. The maceration lasts for 21 days. The wine is aged in medium-toasted American and French oak barrels for 14 months, completing the aging with a 24-month stay in the bottle where the wine rounds out and reaches its maturity.<\/p>\n<p><strong>taste<\/strong><br \/>\nThe <span style=\"font-family: -apple-system, BlinkMacSystemFont, 'Segoe UI', Roboto, Oxygen-Sans, Ubuntu, Cantarell, 'Helvetica Neue', sans-serif;\">red wine Reserva DO Somontano \u201cSe\u00f1or\u00edo de Lazan\u201d is i<\/span>ntens tile color and great garnet perception.<\/p>\n<p>Nose, blackcurrant, pepper, clove, citrus or coffee express its aromatic diversity.<\/p>\n<p>In the mouth it is tasty, smooth, full of nuances and very round.<\/p>\n<p><strong>Pairing<\/strong><br \/>\nRoast Ternasco, red meats and aged cheeses.<\/p>\n<p><strong>graduation<\/strong><br \/>\n13,5%<\/p>\n<p><strong>Consumption temperature<\/strong><br \/>\n16th<\/p>","protected":false},"excerpt":{"rendered":"<p><span style=\"font-family: -apple-system, BlinkMacSystemFont, 'Segoe UI', Roboto, Oxygen-Sans, Ubuntu, Cantarell, 'Helvetica Neue', sans-serif;\">The Reserva DO Somontano red wine \u201cSe\u00f1or\u00edo de Lazan\u201d is made with the feeling of history, taking into account that its varieties come from the same skirts of the Serra de la Candelera, specifically from the Laz\u00e1n Mountain. The name Lordship of Laz\u00e1n comes from the Marquisate of Laz\u00e1n, noble title created by Carlos II in 1688 in favor of Cayetano Rebolledo de Palafox (Lordship of Upper Rooms and Lower Rooms, buried in Lower Rooms.<\/span><\/p>","protected":false},"featured_media":1782,"template":"","meta":[],"pwb-brand":[202],"product_brand":[],"product_cat":[33,17,129],"product_tag":[],"class_list":{"0":"post-1176","1":"product","2":"type-product","3":"status-publish","4":"has-post-thumbnail","6":"pwb-brand-bodega-pirineos","7":"product_cat-vinos","8":"product_cat-begudes","9":"product_cat-vins-negres-1","11":"first","12":"outofstock","13":"taxable","14":"shipping-taxable","15":"purchasable","16":"product-type-simple"},"brands":[{"id":202,"name":"Bodega Pirineos","slug":"bodega-pirineos"}],"_links":{"self":[{"href":"https:\/\/tenda.elmasove.com\/en\/wp-json\/wp\/v2\/product\/1176","targetHints":{"allow":["GET"]}}],"collection":[{"href":"https:\/\/tenda.elmasove.com\/en\/wp-json\/wp\/v2\/product"}],"about":[{"href":"https:\/\/tenda.elmasove.com\/en\/wp-json\/wp\/v2\/types\/product"}],"wp:featuredmedia":[{"embeddable":true,"href":"https:\/\/tenda.elmasove.com\/en\/wp-json\/wp\/v2\/media\/1782"}],"wp:attachment":[{"href":"https:\/\/tenda.elmasove.com\/en\/wp-json\/wp\/v2\/media?parent=1176"}],"wp:term":[{"taxonomy":"pwb-brand","embeddable":true,"href":"https:\/\/tenda.elmasove.com\/en\/wp-json\/wp\/v2\/pwb-brand?post=1176"},{"taxonomy":"product_brand","embeddable":true,"href":"https:\/\/tenda.elmasove.com\/en\/wp-json\/wp\/v2\/product_brand?post=1176"},{"taxonomy":"product_cat","embeddable":true,"href":"https:\/\/tenda.elmasove.com\/en\/wp-json\/wp\/v2\/product_cat?post=1176"},{"taxonomy":"product_tag","embeddable":true,"href":"https:\/\/tenda.elmasove.com\/en\/wp-json\/wp\/v2\/product_tag?post=1176"}],"curies":[{"name":"wp","href":"https:\/\/api.w.org\/{rel}","templated":true}]}}