{"id":1661,"date":"2019-11-12T13:52:03","date_gmt":"2019-11-12T12:52:03","guid":{"rendered":"http:\/\/wp.elmasove.com\/?page_id=1661"},"modified":"2020-01-21T12:31:07","modified_gmt":"2020-01-21T11:31:07","slug":"dies-de-repartiment","status":"publish","type":"page","link":"https:\/\/tenda.elmasove.com\/en\/dies-de-repartiment\/","title":{"rendered":"Delivery days"},"content":{"rendered":"<h2 class=\"wp-block-heading\"><strong>Week 1<\/strong><\/h2><figure class=\"wp-block-table\"><table class=\"\"><tbody><tr><td><strong>Monday<\/strong><\/td><td><strong>Tuesday<\/strong><\/td><td><strong>Wednesday<\/strong><\/td><td><strong>Thursday<\/strong><\/td><td><strong>Friday<\/strong><\/td><\/tr><tr><td>St. Vicen\u00e7 dels Horts<br>Palleja<br>Sant Andreu de la Barca<br>Sarria<br>New town<br>Sitges<br>St. Peter de Ribes<br>Sabadell Pi<br>Sea sands<br>Areny de Munt<br>The Masnou<br>Mounted<br>Tiana<br>Alella<br>St. Vincent<br>Argentona<br>Explode<br>little hospital<br>St. Quince<br>Can Rull<\/td><td>Cornell\u00e0<br>Vilanova and Geltr\u00fa<br>Olesa de Montserrat<br>Martorell<br>The Rock<br>ruby<br>St. Vicen\u00e7 de Castellet<br>Sabadell<br>St. Quince<br>grace<br>Ripollet<\/td><td>terrace<br>butternut squash<br>Vilanova and Geltr\u00fa<br>rockets<br>Matar\u00f3<br>Castellar<br>Santmenat<br>carded<br>Saint Paul<br>Badalona<br>Barcelona<br>Villadecans<br>Gave<br>barber<\/td><td>Sta. Dove of Farn\u00e9s<br>Sis<br>Riudarenas<br>Can Rull<br>Cerdanyola<br>terrace<br>Viladecavalls<br>Polynya<br>pine forest<br>calf<br>St. gone<br>Sant Boi<br>The field<br>rockets<\/td><td>Vilassar<br>Barcelona<br>canet<br>Matar\u00f3<br>terrace<br>St. Celoni<br>Blueberries<br>Breda<br>Granollers<br>Laziness<br>St. Salvador de Guardiola<br>Equalized<br>Villanova<br>The Vendrell<br>Badalona<\/td><\/tr><\/tbody><\/table><\/figure><h2 class=\"wp-block-heading\"><strong>Week 2<\/strong><\/h2><figure class=\"wp-block-table\"><table class=\"\"><tbody><tr><td><strong>Monday<\/strong><\/td><td><strong>Tuesday<\/strong><\/td><td><strong>Wednesday<\/strong><\/td><td><strong>Thursday<\/strong><\/td><td><strong>Friday<\/strong><\/td><\/tr><tr><td>terrace<br>Free Zone<br>New town<br>Sitges<br>St. Peter de Ribes<br>Asparagus<br>open<br>Sea sands<br>Areny de Munt<br>Premi\u00e0 de Mar<br>Premi\u00e0 de Dalt<br>Lv.<br>Caldets<br>Explode<br>little hospital<br>field love<\/td><td>Caldes de Malavella<br>Vilanova and Geltr\u00fa<br>Sta. Eulalia R.<br>L\u00ed\u00e7\u00e0 de Munt<br>Olesa de Montserrat&nbsp;<\/td><td>terrace<br>butternut squash<br>Vilanova and Geltr\u00fa<br>rockets<br>Matar\u00f3<br>Castellar<br>Santmenat<br>carded<br>Bescano<br>Badalona<br>Vic<br>Villadecans<br>you drink<br>barber<\/td><td>Sta. Dove of Farn\u00e9s<br>Sis<br>Riudarenes<br>High Cross<br>Cerdanyola<br>terrace<br>Viladecavalls<br>barber<br>Blanes<br>Tordera<br>calf<br>St. ox<br>The field<br>rockets<\/td><td>Vilassar<br>Barcelona<br>canet<br>Matar\u00f3<br>terrace<br>Montcada and Reixac<br>Granollers<br>Laziness<br>St. savior<br>Equalized<br>Sta. Daisy<br>buckets<br>Calafell<br>Badalona<\/td><\/tr><\/tbody><\/table><\/figure>","protected":false},"excerpt":{"rendered":"<p>Week 1 Monday Tuesday Wednesday Thursday Friday St. Vicen\u00e7 dels HortsPallej\u00e0Sant Andreu de la BarcaSarri\u00e0Poble NouSitgesSt. Pere de RibesSabadell PiArenys de MarArenys de MuntEl MasnouMontgatTianaAlellaSt. Vicen\u00e7ArgentonaEsproncedaHospitaletSt. QuirzeCan Rull Cornell\u00e0Vilanova i la Geltr\u00faOlesa de MontserratMartorellLa RocaRub\u00edSt. Vicen\u00e7 de CastelletSabadellSt. QuirzeGr\u00e0ciaRipollet TerrassaMatadeperaVilanova i la Geltr\u00faRoquetasMatar\u00f3CastellarSantmenatCardedeuSant PolBadalonaBarcelonaViladecansGav\u00e0Barber\u00e0 Sta. Coloma de Farn\u00e9sSilsRiudarenasCan RullCerdanyolaTerrassaViladecavallsPoliny\u00e0PinedaMolletSt. FostSant BoiEl PratRoquetas VilassarBarcelonaCanetMatar\u00f3TerrassaSt. CeloniArb\u00faciesBredaGranollersManresaSt. Salvador [\u2026]<\/p>","protected":false},"author":2,"featured_media":0,"parent":0,"menu_order":0,"comment_status":"closed","ping_status":"closed","template":"","meta":{"footnotes":""},"class_list":["post-1661","page","type-page","status-publish","hentry"],"_links":{"self":[{"href":"https:\/\/tenda.elmasove.com\/en\/wp-json\/wp\/v2\/pages\/1661","targetHints":{"allow":["GET"]}}],"collection":[{"href":"https:\/\/tenda.elmasove.com\/en\/wp-json\/wp\/v2\/pages"}],"about":[{"href":"https:\/\/tenda.elmasove.com\/en\/wp-json\/wp\/v2\/types\/page"}],"author":[{"embeddable":true,"href":"https:\/\/tenda.elmasove.com\/en\/wp-json\/wp\/v2\/users\/2"}],"replies":[{"embeddable":true,"href":"https:\/\/tenda.elmasove.com\/en\/wp-json\/wp\/v2\/comments?post=1661"}],"version-history":[{"count":3,"href":"https:\/\/tenda.elmasove.com\/en\/wp-json\/wp\/v2\/pages\/1661\/revisions"}],"predecessor-version":[{"id":1956,"href":"https:\/\/tenda.elmasove.com\/en\/wp-json\/wp\/v2\/pages\/1661\/revisions\/1956"}],"wp:attachment":[{"href":"https:\/\/tenda.elmasove.com\/en\/wp-json\/wp\/v2\/media?parent=1661"}],"curies":[{"name":"wp","href":"https:\/\/api.w.org\/{rel}","templated":true}]}}