{"id":1564,"date":"2019-11-11T10:44:47","date_gmt":"2019-11-11T09:44:47","guid":{"rendered":"http:\/\/wp.elmasove.com\/?page_id=1564"},"modified":"2023-11-07T12:56:36","modified_gmt":"2023-11-07T11:56:36","slug":"contacte","status":"publish","type":"page","link":"https:\/\/tenda.elmasove.com\/en\/contacte\/","title":{"rendered":"contact"},"content":{"rendered":"<div class=\"wp-block-columns has-2-columns is-layout-flex wp-container-core-columns-is-layout-9d6595d7 wp-block-columns-is-layout-flex\"><div class=\"wp-block-column contacto_columna is-layout-flow wp-block-column-is-layout-flow\"><h2 class=\"wp-block-heading\">Write to us!<\/h2>\n\n<p style=\"padding-left:2%; padding-right:2%;\">For any query do not hesitate to contact us by phone or, if you prefer, by filling out this contact form.<br>From El Masove we will be happy to help you with whatever you need.<\/p>\n\n<div class=\"everest-forms\"><div class=\"evf-container default\" id=\"evf-1897\"><form id=\"evf-form-1897\" class=\"everest-form\" data-formid=\"1897\" data-ajax_submission=\"0\" data-keyboard_friendly_form=\"0\" data-form_state_type=\"\" method=\"post\" enctype=\"multipart\/form-data\" action=\"\/en\/wp-json\/wp\/v2\/pages\/1564\" data-trp-original-action=\"\/en\/wp-json\/wp\/v2\/pages\/1564\"><div class=\"evf-field-container\"><input type=\"hidden\" id=\"_wpnonce1897\" name=\"_wpnonce1897\" value=\"3e3fe724d8\" \/><input type=\"hidden\" name=\"_wp_http_referer\" value=\"\/en\/wp-json\/wp\/v2\/pages\/1564\" \/><div class=\"evf-frontend-row\" data-row=\"row_1\" conditional_rules=\"[]\"><div class=\"evf-frontend-grid evf-grid-1\" data-grid=\"grid_1\"><div id=\"evf-1897-field_fullname-container\" class=\"evf-field evf-field-text form-row validate-required\" data-required-field-message=\"Este campo es obligatorio.\" data-field-id=\"fullname\"><label class=\"evf-field-label\" for=\"evf-1897-field_fullname\"><span class=\"evf-label\">First name<\/span> <abbr class=\"required\" title=\"Required\">*<\/abbr><\/label><input type=\"text\" id=\"evf-1897-field_fullname\" class=\"input-text\" name=\"everest_forms[form_fields][fullname]\" required><\/div><div id=\"evf-1897-field_email-container\" class=\"evf-field evf-field-email form-row validate-required validate-email\" data-required-field-message=\"Por favor, usa una direcci\u00f3n de correo electr\u00f3nico v\u00e1lida.\" data-field-id=\"email\"><label class=\"evf-field-label\" for=\"evf-1897-field_email\"><span class=\"evf-label\">email<\/span> <abbr class=\"required\" title=\"Required\">*<\/abbr><\/label><input type=\"email\" id=\"evf-1897-field_email\" class=\"input-text\" name=\"everest_forms[form_fields][email]\" required><\/div><div id=\"evf-1897-field_subject-container\" class=\"evf-field evf-field-text form-row validate-required\" data-required-field-message=\"Este campo es obligatorio.\" data-field-id=\"subject\"><label class=\"evf-field-label\" for=\"evf-1897-field_subject\"><span class=\"evf-label\">matter<\/span> <abbr class=\"required\" title=\"Required\">*<\/abbr><\/label><input type=\"text\" id=\"evf-1897-field_subject\" class=\"input-text\" name=\"everest_forms[form_fields][subject]\" required><\/div><div id=\"evf-1897-field_message-container\" class=\"evf-field evf-field-textarea form-row\" data-field-id=\"message\"><label class=\"evf-field-label\" for=\"evf-1897-field_message\"><span class=\"evf-label\">message<\/span> <\/label><textarea id=\"evf-1897-field_message\" class=\"input-text\" name=\"everest_forms[form_fields][message]\"  ><\/textarea><\/div><\/div><\/div><\/div><div class=\"evf-honeypot-container evf-field-hp\"><label for=\"evf-1897-field-hp\" class=\"evf-field-label\">email<\/label><input type=\"text\" name=\"everest_forms[hp]\" id=\"evf-1897-field-hp\" class=\"input-text\"><\/div><div class=\"evf-recaptcha-container\" style=\"display:block\"><div class=\"g-recaptcha\" data-sitekey=\"6LeqO6ApAAAAAIUmjYLiL8zzLIi6IHIYUn2bBQoV\"><\/div><\/div><div class=\"evf-submit-container\" ><input type=\"hidden\" name=\"everest_forms[id]\" value=\"1897\"><input type=\"hidden\" name=\"everest_forms[author]\" value=\"2\"><button type='submit' name='everest_forms[submit]' class='everest-forms-submit-button button evf-submit' id='evf-submit-1897' value='evf-submit' data-process-text=\"Procesando...\" conditional_rules='&quot;&quot;' conditional_id='evf-submit-1897'  aria-live=\"assertive\">To send<\/button><\/div><input type=\"hidden\" name=\"trp-form-language\" value=\"en\"\/><\/form><\/div><!-- .evf-container --><\/div><\/div>\n\n<div class=\"wp-block-column is-layout-flow wp-block-column-is-layout-flow\"><p>If you prefer to call us or write to us directly, you can do so using the information provided below. <strong>We will answer you within 48 hours and if we can we will do it sooner.<\/strong><\/p>\n\n<h3 class=\"wp-block-heading h3_contacto\">Contact information<\/h3>\n\n<div class=\"wp-block-columns columnes_contacte is-layout-flex wp-container-core-columns-is-layout-9d6595d7 wp-block-columns-is-layout-flex\"><div class=\"wp-block-column is-layout-flow wp-block-column-is-layout-flow\"><i class=\"fa fa-envelope fa-3x\"><\/i>\n\n<a href=\"mailto:eshop@elmasove.com\"> \neshop@elmasove.com<\/a><br><\/div>\n\n<div class=\"wp-block-column is-layout-flow wp-block-column-is-layout-flow\"><i class=\"fa fa-phone fa-3x\"><\/i>\n\n<a href=\"phone: 937270967\"> 937 270 967<\/a><\/div><\/div>\n\n<div class=\"wp-block-columns columnes_contacte is-layout-flex wp-container-core-columns-is-layout-9d6595d7 wp-block-columns-is-layout-flex\"><div class=\"wp-block-column is-layout-flow wp-block-column-is-layout-flow\"><i class=\"fa fa-home fa-3x\"><\/i>\n\nLent, 94  <br>\n08205 Sabadell<br> \nSpain<br><\/div>\n\n<div class=\"wp-block-column columna_contacto_blanca is-layout-flow wp-block-column-is-layout-flow\"><\/div><\/div><\/div><\/div>","protected":false},"excerpt":{"rendered":"<p>Write to us! For any query do not hesitate to contact us by phone or, if you prefer, by filling out this contact form. From El Masove we will be happy to help you with whatever you need. If you prefer to call us or write to us directly, you can do so through the data we provide in [...]<\/p>","protected":false},"author":2,"featured_media":0,"parent":0,"menu_order":0,"comment_status":"closed","ping_status":"closed","template":"","meta":{"footnotes":""},"class_list":["post-1564","page","type-page","status-publish","hentry"],"_links":{"self":[{"href":"https:\/\/tenda.elmasove.com\/en\/wp-json\/wp\/v2\/pages\/1564","targetHints":{"allow":["GET"]}}],"collection":[{"href":"https:\/\/tenda.elmasove.com\/en\/wp-json\/wp\/v2\/pages"}],"about":[{"href":"https:\/\/tenda.elmasove.com\/en\/wp-json\/wp\/v2\/types\/page"}],"author":[{"embeddable":true,"href":"https:\/\/tenda.elmasove.com\/en\/wp-json\/wp\/v2\/users\/2"}],"replies":[{"embeddable":true,"href":"https:\/\/tenda.elmasove.com\/en\/wp-json\/wp\/v2\/comments?post=1564"}],"version-history":[{"count":39,"href":"https:\/\/tenda.elmasove.com\/en\/wp-json\/wp\/v2\/pages\/1564\/revisions"}],"predecessor-version":[{"id":6853,"href":"https:\/\/tenda.elmasove.com\/en\/wp-json\/wp\/v2\/pages\/1564\/revisions\/6853"}],"wp:attachment":[{"href":"https:\/\/tenda.elmasove.com\/en\/wp-json\/wp\/v2\/media?parent=1564"}],"curies":[{"name":"wp","href":"https:\/\/api.w.org\/{rel}","templated":true}]}}